{"id":845,"date":"2021-06-25T15:17:58","date_gmt":"2021-06-25T13:17:58","guid":{"rendered":"https:\/\/www.tiberia.sk\/objav-trencin\/"},"modified":"2023-12-01T11:47:51","modified_gmt":"2023-12-01T10:47:51","slug":"objav-trencin","status":"publish","type":"page","link":"https:\/\/www.tiberia.sk\/en\/objav-trencin\/","title":{"rendered":"Objav Tren\u010d\u00edn"},"content":{"rendered":"\n\t<section class=\"section\" id=\"section_1451050758\">\n\t\t<div class=\"bg section-bg fill bg-fill  bg-loaded\" >\n\n\t\t\t\n\t\t\t\n\t\t\t\n\n\t\t<\/div>\n\n\t\t<div class=\"section-content relative\">\n\t\t\t\n\n<div class=\"row\"  id=\"row-340565734\">\n\n\n\t<div id=\"col-928759089\" class=\"col small-12 large-12\"  >\n\t\t<div class=\"col-inner text-center\"  >\n\t\t\t\n\t\t\t\n\n<p>Tren\u010d\u00edn city web page <a href=\"https:\/\/visit.trencin.sk\/\">Tren\u010d\u00edn<\/a> &#8211; <a href=\"https:\/\/visit.trencin.sk\/podujatia\/\">current events<\/a>, <a href=\"https:\/\/visit.trencin.sk\/pamiatky\/\">sights<\/a> a <a href=\"https:\/\/visit.trencin.sk\/kategoria\/vylety-do-okolia\/\">trips to the surrounding area<\/a>.<\/p>\n<a rel=\"noopener noreferrer\" href=\"https:\/\/www.tiberia.sk\/wp-content\/uploads\/2021\/07\/Info-portal-objav-Trencin.pdf\" target=\"_blank\" class=\"button primary is-underline lowercase\"  >\n    <span>See the page of the city of Tren\u010d\u00edn<\/span>\n  <\/a>\n\n\n\n\t\t<\/div>\n\t\t\t<\/div>\n\n\t\n\n<\/div>\n<div class=\"row align-center\"  id=\"row-1060356656\">\n\n\n\t<div id=\"col-1571841504\" class=\"col medium-2 small-12 large-2\"  >\n\t\t<div class=\"col-inner text-center\"  >\n\t\t\t\n\t\t\t\n\n\n\t\t<\/div>\n\t\t\t<\/div>\n\n\t\n\n\t<div id=\"col-1353817723\" class=\"col medium-8 small-12 large-8\"  >\n\t\t<div class=\"col-inner text-center\"  >\n\t\t\t\n\t\t\t\n\n\t<div class=\"img has-hover x md-x lg-x y md-y lg-y\" id=\"image_1607789438\">\n\t\t<a class=\"image-lightbox lightbox-gallery\" title=\"\" href=\"https:\/\/www.tiberia.sk\/wp-content\/uploads\/2021\/07\/Info-portal-objav-Trencin-900.jpg\">\t\t\t\t\t\t<div class=\"img-inner dark\" >\n\t\t\t<img fetchpriority=\"high\" decoding=\"async\" width=\"600\" height=\"900\" src=\"https:\/\/www.tiberia.sk\/wp-content\/uploads\/2021\/07\/Info-portal-objav-Trencin-900.jpg\" class=\"attachment-large size-large\" alt=\"\" srcset=\"https:\/\/www.tiberia.sk\/wp-content\/uploads\/2021\/07\/Info-portal-objav-Trencin-900.jpg 600w, https:\/\/www.tiberia.sk\/wp-content\/uploads\/2021\/07\/Info-portal-objav-Trencin-900-200x300.jpg 200w\" sizes=\"(max-width: 600px) 100vw, 600px\" \/>\t\t\t\t\t\t\n\t\t\t\t\t<\/div>\n\t\t\t\t\t\t<\/a>\t\t\n<style>\n#image_1607789438 {\n  width: 30%;\n}\n<\/style>\n\t<\/div>\n\t\n\n<a rel=\"noopener noreferrer\" href=\"https:\/\/www.tiberia.sk\/wp-content\/uploads\/2021\/07\/Info-portal-objav-Trencin.pdf\" target=\"_blank\" class=\"button primary is-underline lowercase\"  >\n    <span>Objav Tren\u010d\u00edn - stiahni PDF<\/span>\n  <\/a>\n\n\n\n\t\t<\/div>\n\t\t\t<\/div>\n\n\t\n\n\t<div id=\"col-522264914\" class=\"col medium-2 small-12 large-2\"  >\n\t\t<div class=\"col-inner text-center\"  >\n\t\t\t\n\t\t\t\n\n\n\t\t<\/div>\n\t\t\t<\/div>\n\n\t\n\n<\/div>\n\n\t\t<\/div>\n\n\t\t\n<style>\n#section_1451050758 {\n  padding-top: 20px;\n  padding-bottom: 20px;\n}\n<\/style>\n\t<\/section>\n\t\n\t<section class=\"section\" id=\"section_2067086979\">\n\t\t<div class=\"bg section-bg fill bg-fill  bg-loaded\" >\n\n\t\t\t\n\t\t\t\n\t\t\t\n\n\t\t<\/div>\n\n\t\t<div class=\"section-content relative\">\n\t\t\t\n\n<div class=\"container section-title-container\" ><h3 class=\"section-title section-title-center\"><b><\/b><span class=\"section-title-main\" >CYCLING TRACK Tren\u010d\u00edn - Tren\u010dianske teplice<\/span><b><\/b><\/h3><\/div>\n\n<div class=\"row\"  id=\"row-873659809\">\n\n\n\t<div id=\"col-1026577963\" class=\"col medium-8 small-12 large-8\"  >\n\t\t<div class=\"col-inner text-center\"  >\n\t\t\t\n\t\t\t\n\n<p><iframe frameBorder=\"0\" scrolling=\"no\" src=\"https:\/\/www.wikiloc.com\/wikiloc\/spatialArtifacts.do?event=view&#038;id=57788982&#038;measures=off&#038;title=off&#038;near=off&#038;images=off&#038;maptype=H\" width=\"500\" height=\"400\"><\/iframe><\/p>\n<div style=\"color:#777;font-size:11px;line-height:16px;\">Powered by <a style=\"color:#06d;font-size:11px;line-height:16px;\" target=\"_blank\" href=\"https:\/\/www.wikiloc.com\" rel=\"noopener\">Wikiloc<\/a><\/div>\n\n\t\t<\/div>\n\t\t\t<\/div>\n\n\t\n\n\t<div id=\"col-1297156025\" class=\"col medium-4 small-12 large-4\"  >\n\t\t<div class=\"col-inner text-center\"  >\n\t\t\t\n\t\t\t\n\n<a rel=\"noopener noreferrer\" href=\"https:\/\/www.google.com\/maps\/d\/u\/0\/viewer?hl=sk&#038;mid=1OvolDHvgRCNbdYEl6Ax-TvayIeJ-KY9b&#038;ll=48.913468803174105%2C18.118379499999975&#038;z=14\" target=\"_blank\" class=\"button primary is-underline\"  >\n    <span>Display in Google Maps<\/span>\n  <\/a>\n\n\n\t<div class=\"img has-hover x md-x lg-x y md-y lg-y\" id=\"image_1342541911\">\n\t\t\t\t\t\t\t\t<div class=\"img-inner dark\" >\n\t\t\t<img decoding=\"async\" width=\"300\" height=\"300\" src=\"https:\/\/www.tiberia.sk\/wp-content\/uploads\/2021\/07\/cyklo-trencin-trencianske-teplice-qr-google-maps.png\" class=\"attachment-large size-large\" alt=\"\" srcset=\"https:\/\/www.tiberia.sk\/wp-content\/uploads\/2021\/07\/cyklo-trencin-trencianske-teplice-qr-google-maps.png 300w, https:\/\/www.tiberia.sk\/wp-content\/uploads\/2021\/07\/cyklo-trencin-trencianske-teplice-qr-google-maps-150x150.png 150w\" sizes=\"(max-width: 300px) 100vw, 300px\" \/>\t\t\t\t\t\t\n\t\t\t\t\t<\/div>\n\t\t\t\t\t\t\t\t\n<style>\n#image_1342541911 {\n  width: 37%;\n}\n<\/style>\n\t<\/div>\n\t\n\n<h3>QR for Google Maps<\/h3>\n\t<div class=\"img has-hover x md-x lg-x y md-y lg-y\" id=\"image_1348791230\">\n\t\t\t\t\t\t\t\t<div class=\"img-inner dark\" >\n\t\t\t<img decoding=\"async\" width=\"200\" height=\"200\" src=\"https:\/\/www.tiberia.sk\/wp-content\/uploads\/2021\/07\/cyklo-trencin-trencianske-teplice-qr-gpx.png\" class=\"attachment-large size-large\" alt=\"\" srcset=\"https:\/\/www.tiberia.sk\/wp-content\/uploads\/2021\/07\/cyklo-trencin-trencianske-teplice-qr-gpx.png 200w, https:\/\/www.tiberia.sk\/wp-content\/uploads\/2021\/07\/cyklo-trencin-trencianske-teplice-qr-gpx-150x150.png 150w\" sizes=\"(max-width: 200px) 100vw, 200px\" \/>\t\t\t\t\t\t\n\t\t\t\t\t<\/div>\n\t\t\t\t\t\t\t\t\n<style>\n#image_1348791230 {\n  width: 35%;\n}\n<\/style>\n\t<\/div>\n\t\n\n<h3 class=\"Standard\">QR for gpx<\/h3>\n\n\t\t<\/div>\n\t\t\t<\/div>\n\n\t\n\n<\/div>\n\n\t\t<\/div>\n\n\t\t\n<style>\n#section_2067086979 {\n  padding-top: 5px;\n  padding-bottom: 5px;\n}\n<\/style>\n\t<\/section>\n\t\n\t<section class=\"section\" id=\"section_1834598888\">\n\t\t<div class=\"bg section-bg fill bg-fill  bg-loaded\" >\n\n\t\t\t\n\t\t\t\n\t\t\t\n\n\t\t<\/div>\n\n\t\t<div class=\"section-content relative\">\n\t\t\t\n\n<div class=\"container section-title-container\" ><h3 class=\"section-title section-title-center\"><b><\/b><span class=\"section-title-main\" >CYCLING TRACK Tren\u010d\u00edn - Beckov - Pie\u0161\u0165any<\/span><b><\/b><\/h3><\/div>\n\n<div class=\"row\"  id=\"row-1482098620\">\n\n\n\t<div id=\"col-1666845625\" class=\"col medium-8 small-12 large-8\"  >\n\t\t<div class=\"col-inner text-center\"  >\n\t\t\t\n\t\t\t\n\n<p><iframe frameBorder=\"0\" scrolling=\"no\" src=\"\nhttps:\/\/www.wikiloc.com\/wikiloc\/spatialArtifacts.do?event=view&#038;id=57785856&#038;measures=off&#038;title=off&#038;near=off&#038;images=off&#038;maptype=H\"\nwidth=\"500\" height=\"400\"><\/iframe><\/p>\n<div\nstyle=\"color:#777;font-size:11px;line-height:16px;\">Powered by <a style=\"color:#06d;font-size:11px;line-height:16px;\" target=\"_blank\" href=\"https:\/\/www.wikiloc.com\" rel=\"noopener\">Wikiloc<\/a><\/div>\n\n\t\t<\/div>\n\t\t\t<\/div>\n\n\t\n\n\t<div id=\"col-540327239\" class=\"col medium-4 small-12 large-4\"  >\n\t\t<div class=\"col-inner text-center\"  >\n\t\t\t\n\t\t\t\n\n<a rel=\"noopener noreferrer\" href=\"https:\/\/www.google.com\/maps\/d\/u\/0\/viewer?hl=sk&#038;mid=1x8rXvx_PVea5mOQsYc8V86QbieEOyYG4&#038;ll=48.76190067284062%2C17.95888190983606&#038;z=11\" target=\"_blank\" class=\"button primary is-underline\"  >\n    <span>Display in Google Maps<\/span>\n  <\/a>\n\n\n\t<div class=\"img has-hover x md-x lg-x y md-y lg-y\" id=\"image_1602369905\">\n\t\t\t\t\t\t\t\t<div class=\"img-inner dark\" >\n\t\t\t<img loading=\"lazy\" decoding=\"async\" width=\"300\" height=\"300\" src=\"https:\/\/www.tiberia.sk\/wp-content\/uploads\/2021\/07\/cyklo-trencin-piestany-qr-google-maps.png\" class=\"attachment-large size-large\" alt=\"\" srcset=\"https:\/\/www.tiberia.sk\/wp-content\/uploads\/2021\/07\/cyklo-trencin-piestany-qr-google-maps.png 300w, https:\/\/www.tiberia.sk\/wp-content\/uploads\/2021\/07\/cyklo-trencin-piestany-qr-google-maps-150x150.png 150w\" sizes=\"(max-width: 300px) 100vw, 300px\" \/>\t\t\t\t\t\t\n\t\t\t\t\t<\/div>\n\t\t\t\t\t\t\t\t\n<style>\n#image_1602369905 {\n  width: 37%;\n}\n<\/style>\n\t<\/div>\n\t\n\n<h3>QR for Google Maps<\/h3>\n\t<div class=\"img has-hover x md-x lg-x y md-y lg-y\" id=\"image_806582598\">\n\t\t\t\t\t\t\t\t<div class=\"img-inner dark\" >\n\t\t\t<img loading=\"lazy\" decoding=\"async\" width=\"752\" height=\"782\" src=\"https:\/\/www.tiberia.sk\/wp-content\/uploads\/2021\/07\/cyklo-trencin-piestany-qr-gpx.jpg\" class=\"attachment-large size-large\" alt=\"\" srcset=\"https:\/\/www.tiberia.sk\/wp-content\/uploads\/2021\/07\/cyklo-trencin-piestany-qr-gpx.jpg 752w, https:\/\/www.tiberia.sk\/wp-content\/uploads\/2021\/07\/cyklo-trencin-piestany-qr-gpx-288x300.jpg 288w\" sizes=\"(max-width: 752px) 100vw, 752px\" \/>\t\t\t\t\t\t\n\t\t\t\t\t<\/div>\n\t\t\t\t\t\t\t\t\n<style>\n#image_806582598 {\n  width: 35%;\n}\n<\/style>\n\t<\/div>\n\t\n\n<h3 class=\"Standard\">QR for gpx<\/h3>\n\n\t\t<\/div>\n\t\t\t<\/div>\n\n\t\n\n<\/div>\n\n\t\t<\/div>\n\n\t\t\n<style>\n#section_1834598888 {\n  padding-top: 5px;\n  padding-bottom: 5px;\n}\n<\/style>\n\t<\/section>\n\t\n\t<section class=\"section\" id=\"section_1610820169\">\n\t\t<div class=\"bg section-bg fill bg-fill  bg-loaded\" >\n\n\t\t\t\n\t\t\t\n\t\t\t\n\n\t\t<\/div>\n\n\t\t<div class=\"section-content relative\">\n\t\t\t\n\n<div class=\"container section-title-container\" ><h3 class=\"section-title section-title-center\"><b><\/b><span class=\"section-title-main\" >CYCLING TRACK Tren\u010d\u00edn - Brumov - Bylnice<\/span><b><\/b><\/h3><\/div>\n\n<div class=\"row\"  id=\"row-5122002\">\n\n\n\t<div id=\"col-1697054117\" class=\"col medium-8 small-12 large-8\"  >\n\t\t<div class=\"col-inner text-center\"  >\n\t\t\t\n\t\t\t\n\n<p><iframe frameBorder=\"0\" scrolling=\"no\" src=\"https:\/\/www.wikiloc.com\/wikiloc\/spatialArtifacts.do?event=view&#038;id=57823018&#038;measures=off&#038;title=off&#038;near=off&#038;images=off&#038;maptype=H\" width=\"500\" height=\"400\"><\/iframe><\/p>\n<div style=\"color:#777;font-size:11px;line-height:16px;\">Powered by <a style=\"color:#06d;font-size:11px;line-height:16px;\" target=\"_blank\" href=\"https:\/\/www.wikiloc.com\" rel=\"noopener\">Wikiloc<\/a><\/div>\n\n\t\t<\/div>\n\t\t\t<\/div>\n\n\t\n\n\t<div id=\"col-311894245\" class=\"col medium-4 small-12 large-4\"  >\n\t\t<div class=\"col-inner text-center\"  >\n\t\t\t\n\t\t\t\n\n<a rel=\"noopener noreferrer\" href=\"https:\/\/www.google.com\/maps\/d\/u\/0\/viewer?hl=sk&#038;mid=1ETFDP9x6QLiZE-AlVzUfYpXyBb0zoKLO&#038;ll=48.99373268403841%2C18.06247399999999&#038;z=12\" target=\"_blank\" class=\"button primary is-underline\"  >\n    <span>Display in Google Maps<\/span>\n  <\/a>\n\n\n\t<div class=\"img has-hover x md-x lg-x y md-y lg-y\" id=\"image_322505715\">\n\t\t\t\t\t\t\t\t<div class=\"img-inner dark\" >\n\t\t\t<img loading=\"lazy\" decoding=\"async\" width=\"300\" height=\"300\" src=\"https:\/\/www.tiberia.sk\/wp-content\/uploads\/2021\/07\/cyklo-trencin-brumov-qr-google-maps.png\" class=\"attachment-large size-large\" alt=\"\" srcset=\"https:\/\/www.tiberia.sk\/wp-content\/uploads\/2021\/07\/cyklo-trencin-brumov-qr-google-maps.png 300w, https:\/\/www.tiberia.sk\/wp-content\/uploads\/2021\/07\/cyklo-trencin-brumov-qr-google-maps-150x150.png 150w\" sizes=\"(max-width: 300px) 100vw, 300px\" \/>\t\t\t\t\t\t\n\t\t\t\t\t<\/div>\n\t\t\t\t\t\t\t\t\n<style>\n#image_322505715 {\n  width: 37%;\n}\n<\/style>\n\t<\/div>\n\t\n\n<h3>QR for Google Maps<\/h3>\n\t<div class=\"img has-hover x md-x lg-x y md-y lg-y\" id=\"image_1113447963\">\n\t\t\t\t\t\t\t\t<div class=\"img-inner dark\" >\n\t\t\t<img loading=\"lazy\" decoding=\"async\" width=\"200\" height=\"200\" src=\"https:\/\/www.tiberia.sk\/wp-content\/uploads\/2021\/07\/cyklo-trencin-brumov-bylnice-qr-gpx.png\" class=\"attachment-large size-large\" alt=\"\" srcset=\"https:\/\/www.tiberia.sk\/wp-content\/uploads\/2021\/07\/cyklo-trencin-brumov-bylnice-qr-gpx.png 200w, https:\/\/www.tiberia.sk\/wp-content\/uploads\/2021\/07\/cyklo-trencin-brumov-bylnice-qr-gpx-150x150.png 150w\" sizes=\"(max-width: 200px) 100vw, 200px\" \/>\t\t\t\t\t\t\n\t\t\t\t\t<\/div>\n\t\t\t\t\t\t\t\t\n<style>\n#image_1113447963 {\n  width: 35%;\n}\n<\/style>\n\t<\/div>\n\t\n\n<h3 class=\"Standard\">QR for gpx<\/h3>\n\n\t\t<\/div>\n\t\t\t<\/div>\n\n\t\n\n<\/div>\n\n\t\t<\/div>\n\n\t\t\n<style>\n#section_1610820169 {\n  padding-top: 5px;\n  padding-bottom: 5px;\n}\n<\/style>\n\t<\/section>\n\t\n\t<section class=\"section\" id=\"section_970839953\">\n\t\t<div class=\"bg section-bg fill bg-fill  bg-loaded\" >\n\n\t\t\t\n\t\t\t\n\t\t\t\n\n\t\t<\/div>\n\n\t\t<div class=\"section-content relative\">\n\t\t\t\n\n<div class=\"container section-title-container\" ><h3 class=\"section-title section-title-center\"><b><\/b><span class=\"section-title-main\" >CYCLING TRACK Tren\u010d\u00edn - \u010cachtice - Haluzice<\/span><b><\/b><\/h3><\/div>\n\n<div class=\"row\"  id=\"row-1981279148\">\n\n\n\t<div id=\"col-1636504933\" class=\"col medium-8 small-12 large-8\"  >\n\t\t<div class=\"col-inner text-center\"  >\n\t\t\t\n\t\t\t\n\n<p><iframe frameBorder=\"0\" scrolling=\"no\" src=\"https:\/\/www.wikiloc.com\/wikiloc\/spatialArtifacts.do?event=view&#038;id=57830481&#038;measures=off&#038;title=off&#038;near=off&#038;images=off&#038;maptype=H\" width=\"500\" height=\"400\"><\/iframe><\/p>\n<div style=\"color:#777;font-size:11px;line-height:16px;\">Powered by <a style=\"color:#06d;font-size:11px;line-height:16px;\" target=\"_blank\" href=\"https:\/\/www.wikiloc.com\" rel=\"noopener\">Wikiloc<\/a><\/div>\n\n\t\t<\/div>\n\t\t\t<\/div>\n\n\t\n\n\t<div id=\"col-1621647961\" class=\"col medium-4 small-12 large-4\"  >\n\t\t<div class=\"col-inner text-center\"  >\n\t\t\t\n\t\t\t\n\n<a rel=\"noopener noreferrer\" href=\"https:\/\/www.google.sk\/maps\/@48.805412,17.8249155,12z\/data=!3m1!4b1!4m2!6m1!1s1EKqv7PH7aV6jJr9oyfFpOlDTRq36z8gu?hl=sk\" target=\"_blank\" class=\"button primary is-underline\"  >\n    <span>Display in Google Maps<\/span>\n  <\/a>\n\n\n\t<div class=\"img has-hover x md-x lg-x y md-y lg-y\" id=\"image_763251356\">\n\t\t\t\t\t\t\t\t<div class=\"img-inner dark\" >\n\t\t\t<img loading=\"lazy\" decoding=\"async\" width=\"300\" height=\"300\" src=\"https:\/\/www.tiberia.sk\/wp-content\/uploads\/2021\/07\/cyklo-trencin-cachtice-haluzice-qr-google-maps.png\" class=\"attachment-large size-large\" alt=\"\" srcset=\"https:\/\/www.tiberia.sk\/wp-content\/uploads\/2021\/07\/cyklo-trencin-cachtice-haluzice-qr-google-maps.png 300w, https:\/\/www.tiberia.sk\/wp-content\/uploads\/2021\/07\/cyklo-trencin-cachtice-haluzice-qr-google-maps-150x150.png 150w\" sizes=\"(max-width: 300px) 100vw, 300px\" \/>\t\t\t\t\t\t\n\t\t\t\t\t<\/div>\n\t\t\t\t\t\t\t\t\n<style>\n#image_763251356 {\n  width: 37%;\n}\n<\/style>\n\t<\/div>\n\t\n\n<h3>QR for Google Maps<\/h3>\n\t<div class=\"img has-hover x md-x lg-x y md-y lg-y\" id=\"image_1415291654\">\n\t\t\t\t\t\t\t\t<div class=\"img-inner dark\" >\n\t\t\t<img loading=\"lazy\" decoding=\"async\" width=\"200\" height=\"200\" src=\"https:\/\/www.tiberia.sk\/wp-content\/uploads\/2021\/07\/cyklo-trencin-cachtice-haluzice-qr-gpx.png\" class=\"attachment-large size-large\" alt=\"\" srcset=\"https:\/\/www.tiberia.sk\/wp-content\/uploads\/2021\/07\/cyklo-trencin-cachtice-haluzice-qr-gpx.png 200w, https:\/\/www.tiberia.sk\/wp-content\/uploads\/2021\/07\/cyklo-trencin-cachtice-haluzice-qr-gpx-150x150.png 150w\" sizes=\"(max-width: 200px) 100vw, 200px\" \/>\t\t\t\t\t\t\n\t\t\t\t\t<\/div>\n\t\t\t\t\t\t\t\t\n<style>\n#image_1415291654 {\n  width: 35%;\n}\n<\/style>\n\t<\/div>\n\t\n\n<h3 class=\"Standard\">QR for gpx<\/h3>\n\n\t\t<\/div>\n\t\t\t<\/div>\n\n\t\n\n<\/div>\n\n\t\t<\/div>\n\n\t\t\n<style>\n#section_970839953 {\n  padding-top: 5px;\n  padding-bottom: 5px;\n}\n<\/style>\n\t<\/section>\n\t\n\n","protected":false},"excerpt":{"rendered":"","protected":false},"author":1,"featured_media":0,"parent":0,"menu_order":0,"comment_status":"closed","ping_status":"closed","template":"","meta":{"_monsterinsights_skip_tracking":false,"_monsterinsights_sitenote_active":false,"_monsterinsights_sitenote_note":"","_monsterinsights_sitenote_category":0,"footnotes":""},"class_list":["post-845","page","type-page","status-publish","hentry"],"yoast_head":"<!-- This site is optimized with the Yoast SEO plugin v26.3 - https:\/\/yoast.com\/wordpress\/plugins\/seo\/ -->\n<title>Objav Tren\u010d\u00edn - Tiberia.sk<\/title>\n<meta name=\"robots\" content=\"index, follow, max-snippet:-1, max-image-preview:large, max-video-preview:-1\" \/>\n<link rel=\"canonical\" href=\"https:\/\/www.tiberia.sk\/en\/objav-trencin\/\" \/>\n<meta property=\"og:locale\" content=\"en_US\" \/>\n<meta property=\"og:type\" content=\"article\" \/>\n<meta property=\"og:title\" content=\"Objav Tren\u010d\u00edn - Tiberia.sk\" \/>\n<meta property=\"og:url\" content=\"https:\/\/www.tiberia.sk\/en\/objav-trencin\/\" \/>\n<meta property=\"og:site_name\" content=\"Tiberia.sk\" \/>\n<meta property=\"article:modified_time\" content=\"2023-12-01T10:47:51+00:00\" \/>\n<meta name=\"twitter:card\" content=\"summary_large_image\" \/>\n<meta name=\"twitter:label1\" content=\"Est. reading time\" \/>\n\t<meta name=\"twitter:data1\" content=\"1 minute\" \/>\n<script type=\"application\/ld+json\" class=\"yoast-schema-graph\">{\"@context\":\"https:\/\/schema.org\",\"@graph\":[{\"@type\":\"WebPage\",\"@id\":\"https:\/\/www.tiberia.sk\/en\/objav-trencin\/\",\"url\":\"https:\/\/www.tiberia.sk\/en\/objav-trencin\/\",\"name\":\"Objav Tren\u010d\u00edn - Tiberia.sk\",\"isPartOf\":{\"@id\":\"https:\/\/www.tiberia.sk\/#website\"},\"datePublished\":\"2021-06-25T13:17:58+00:00\",\"dateModified\":\"2023-12-01T10:47:51+00:00\",\"breadcrumb\":{\"@id\":\"https:\/\/www.tiberia.sk\/en\/objav-trencin\/#breadcrumb\"},\"inLanguage\":\"en-US\",\"potentialAction\":[{\"@type\":\"ReadAction\",\"target\":[\"https:\/\/www.tiberia.sk\/en\/objav-trencin\/\"]}]},{\"@type\":\"BreadcrumbList\",\"@id\":\"https:\/\/www.tiberia.sk\/en\/objav-trencin\/#breadcrumb\",\"itemListElement\":[{\"@type\":\"ListItem\",\"position\":1,\"name\":\"Home\",\"item\":\"https:\/\/www.tiberia.sk\/?lang=en\"},{\"@type\":\"ListItem\",\"position\":2,\"name\":\"Objav Tren\u010d\u00edn\"}]},{\"@type\":\"WebSite\",\"@id\":\"https:\/\/www.tiberia.sk\/#website\",\"url\":\"https:\/\/www.tiberia.sk\/\",\"name\":\"Tiberia.sk\",\"description\":\"21 rokov \u00faspe\u0161ne poskytujeme ubytovanie v Tren\u010d\u00edne\",\"potentialAction\":[{\"@type\":\"SearchAction\",\"target\":{\"@type\":\"EntryPoint\",\"urlTemplate\":\"https:\/\/www.tiberia.sk\/?s={search_term_string}\"},\"query-input\":{\"@type\":\"PropertyValueSpecification\",\"valueRequired\":true,\"valueName\":\"search_term_string\"}}],\"inLanguage\":\"en-US\"}]}<\/script>\n<!-- \/ Yoast SEO plugin. -->","yoast_head_json":{"title":"Objav Tren\u010d\u00edn - Tiberia.sk","robots":{"index":"index","follow":"follow","max-snippet":"max-snippet:-1","max-image-preview":"max-image-preview:large","max-video-preview":"max-video-preview:-1"},"canonical":"https:\/\/www.tiberia.sk\/en\/objav-trencin\/","og_locale":"en_US","og_type":"article","og_title":"Objav Tren\u010d\u00edn - Tiberia.sk","og_url":"https:\/\/www.tiberia.sk\/en\/objav-trencin\/","og_site_name":"Tiberia.sk","article_modified_time":"2023-12-01T10:47:51+00:00","twitter_card":"summary_large_image","twitter_misc":{"Est. reading time":"1 minute"},"schema":{"@context":"https:\/\/schema.org","@graph":[{"@type":"WebPage","@id":"https:\/\/www.tiberia.sk\/en\/objav-trencin\/","url":"https:\/\/www.tiberia.sk\/en\/objav-trencin\/","name":"Objav Tren\u010d\u00edn - Tiberia.sk","isPartOf":{"@id":"https:\/\/www.tiberia.sk\/#website"},"datePublished":"2021-06-25T13:17:58+00:00","dateModified":"2023-12-01T10:47:51+00:00","breadcrumb":{"@id":"https:\/\/www.tiberia.sk\/en\/objav-trencin\/#breadcrumb"},"inLanguage":"en-US","potentialAction":[{"@type":"ReadAction","target":["https:\/\/www.tiberia.sk\/en\/objav-trencin\/"]}]},{"@type":"BreadcrumbList","@id":"https:\/\/www.tiberia.sk\/en\/objav-trencin\/#breadcrumb","itemListElement":[{"@type":"ListItem","position":1,"name":"Home","item":"https:\/\/www.tiberia.sk\/?lang=en"},{"@type":"ListItem","position":2,"name":"Objav Tren\u010d\u00edn"}]},{"@type":"WebSite","@id":"https:\/\/www.tiberia.sk\/#website","url":"https:\/\/www.tiberia.sk\/","name":"Tiberia.sk","description":"21 rokov \u00faspe\u0161ne poskytujeme ubytovanie v Tren\u010d\u00edne","potentialAction":[{"@type":"SearchAction","target":{"@type":"EntryPoint","urlTemplate":"https:\/\/www.tiberia.sk\/?s={search_term_string}"},"query-input":{"@type":"PropertyValueSpecification","valueRequired":true,"valueName":"search_term_string"}}],"inLanguage":"en-US"}]}},"_links":{"self":[{"href":"https:\/\/www.tiberia.sk\/en\/wp-json\/wp\/v2\/pages\/845","targetHints":{"allow":["GET"]}}],"collection":[{"href":"https:\/\/www.tiberia.sk\/en\/wp-json\/wp\/v2\/pages"}],"about":[{"href":"https:\/\/www.tiberia.sk\/en\/wp-json\/wp\/v2\/types\/page"}],"author":[{"embeddable":true,"href":"https:\/\/www.tiberia.sk\/en\/wp-json\/wp\/v2\/users\/1"}],"replies":[{"embeddable":true,"href":"https:\/\/www.tiberia.sk\/en\/wp-json\/wp\/v2\/comments?post=845"}],"version-history":[{"count":1,"href":"https:\/\/www.tiberia.sk\/en\/wp-json\/wp\/v2\/pages\/845\/revisions"}],"predecessor-version":[{"id":846,"href":"https:\/\/www.tiberia.sk\/en\/wp-json\/wp\/v2\/pages\/845\/revisions\/846"}],"wp:attachment":[{"href":"https:\/\/www.tiberia.sk\/en\/wp-json\/wp\/v2\/media?parent=845"}],"curies":[{"name":"wp","href":"https:\/\/api.w.org\/{rel}","templated":true}]}}