{"id":223,"date":"2020-06-09T14:51:33","date_gmt":"2020-06-09T12:51:33","guid":{"rendered":"https:\/\/www.tiberia.sk\/izby\/"},"modified":"2025-01-02T11:12:23","modified_gmt":"2025-01-02T10:12:23","slug":"izby","status":"publish","type":"page","link":"https:\/\/www.tiberia.sk\/en\/izby\/","title":{"rendered":"Izby"},"content":{"rendered":"\n\t<section class=\"section dark\" id=\"section_1989757715\">\n\t\t<div class=\"bg section-bg fill bg-fill  \" >\n\n\t\t\t\n\t\t\t<div class=\"section-bg-overlay absolute fill\"><\/div>\n\t\t\t\n\n\t\t<\/div>\n\n\t\t<div class=\"section-content relative\">\n\t\t\t\n\n<div class=\"row\"  id=\"row-609827996\">\n\n\n\t<div id=\"col-1012671320\" class=\"col small-12 large-12\"  >\n\t\t<div class=\"col-inner text-center\"  >\n\t\t\t\n\t\t\t\n\n\n\t\t<\/div>\n\t\t\n<style>\n#col-1012671320 > .col-inner {\n  padding: 20px 0px 0px 0px;\n}\n<\/style>\n\t<\/div>\n\n\t\n\n<\/div>\n\n\t\t<\/div>\n\n\t\t\n<style>\n#section_1989757715 {\n  padding-top: 140px;\n  padding-bottom: 140px;\n  background-color: rgb(40, 40, 40);\n}\n#section_1989757715 .section-bg-overlay {\n  background-color: rgba(0, 0, 0, 0.3);\n}\n#section_1989757715 .section-bg.bg-loaded {\n  background-image: url(https:\/\/www.tiberia.sk\/wp-content\/uploads\/2020\/06\/baner-izba.jpg);\n}\n<\/style>\n\t<\/section>\n\t\n\t<section class=\"section\" id=\"section_1883465045\">\n\t\t<div class=\"bg section-bg fill bg-fill  bg-loaded\" >\n\n\t\t\t\n\t\t\t\n\t\t\t\n\n\t\t<\/div>\n\n\t\t<div class=\"section-content relative\">\n\t\t\t\n\n<div class=\"row\"  id=\"row-1185402998\">\n\n\n\t<div id=\"col-649979964\" class=\"col small-12 large-12\"  >\n\t\t<div class=\"col-inner\"  >\n\t\t\t\n\t\t\t\n\n<div class=\"row\"  id=\"row-970937478\">\n\n\n\t<div id=\"col-465734249\" class=\"col small-12 large-12\"  >\n\t\t<div class=\"col-inner text-center\" style=\"background-color:rgb(255, 255, 255);\" >\n\t\t\t\n\t\t\t\n\n<h3>ROOMS AND PRICES<\/h3>\n\n\t\t<\/div>\n\t\t\t<\/div>\n\n\t\n\n\n<style>\n#row-970937478 > .col > .col-inner {\n  padding: 40px 40px 40px 40px;\n}\n<\/style>\n<\/div>\n\n\t\t<\/div>\n\t\t\n<style>\n#col-649979964 > .col-inner {\n  margin: -100px 0px 0px 0px;\n}\n<\/style>\n\t<\/div>\n\n\t\n\n<\/div>\n<div class=\"row\"  id=\"row-1627417545\">\n\n\n\t<div id=\"col-1952722093\" class=\"col small-12 large-12\"  >\n\t\t<div class=\"col-inner text-center\"  >\n\t\t\t\n\t\t\t\n\n<h4>Satisfied visitors rate us 9.4 <a href=\"https:\/\/www.booking.com\/hotel\/sk\/penzia3n-tiberia.sk.html\">Booking.com<\/a>.<\/h4>\n\n\t\t<\/div>\n\t\t\t<\/div>\n\n\t\n\n<\/div>\n\n\t\t<\/div>\n\n\t\t\n<style>\n#section_1883465045 {\n  padding-top: 30px;\n  padding-bottom: 30px;\n  background-color: rgb(244, 244, 244);\n}\n<\/style>\n\t<\/section>\n\t\n\t<div id=\"gap-1952074490\" class=\"gap-element clearfix\" style=\"display:block; height:auto;\">\n\t\t\n<style>\n#gap-1952074490 {\n  padding-top: 20px;\n}\n<\/style>\n\t<\/div>\n\t\n\n\t<section class=\"section\" id=\"section_2090610953\">\n\t\t<div class=\"bg section-bg fill bg-fill  bg-loaded\" >\n\n\t\t\t\n\t\t\t\n\t\t\t\n\n\t\t<\/div>\n\n\t\t<div class=\"section-content relative\">\n\t\t\t\n\n<div class=\"container section-title-container\" ><h3 class=\"section-title section-title-center\"><b><\/b><span class=\"section-title-main\" >DOUBLE ROOM WITH DOUBLE BED<\/span><b><\/b><\/h3><\/div>\n\n<div class=\"row row-small row-full-width\"  id=\"row-1201528752\">\n\n\n\t<div id=\"col-2092453377\" class=\"col medium-4 large-4\"  >\n\t\t<div class=\"col-inner\"  >\n\t\t\t\n\t\t\t\n\n\t<div class=\"img has-hover x md-x lg-x y md-y lg-y\" id=\"image_2064303001\">\n\t\t\t\t\t\t\t\t<div class=\"img-inner dark\" >\n\t\t\t<img fetchpriority=\"high\" decoding=\"async\" width=\"600\" height=\"450\" src=\"https:\/\/www.tiberia.sk\/wp-content\/uploads\/2020\/07\/dvojlozkova-izba-s-manzelskou-postelou-01.jpg\" class=\"attachment-large size-large\" alt=\"\" srcset=\"https:\/\/www.tiberia.sk\/wp-content\/uploads\/2020\/07\/dvojlozkova-izba-s-manzelskou-postelou-01.jpg 600w, https:\/\/www.tiberia.sk\/wp-content\/uploads\/2020\/07\/dvojlozkova-izba-s-manzelskou-postelou-01-300x225.jpg 300w\" sizes=\"(max-width: 600px) 100vw, 600px\" \/>\t\t\t\t\t\t\n\t\t\t\t\t<\/div>\n\t\t\t\t\t\t\t\t\n<style>\n#image_2064303001 {\n  width: 100%;\n}\n<\/style>\n\t<\/div>\n\t\n\n\n\t\t<\/div>\n\t\t\t<\/div>\n\n\t\n\n\t<div id=\"col-59686637\" class=\"col medium-4 large-4\"  >\n\t\t<div class=\"col-inner\"  >\n\t\t\t\n\t\t\t\n\n\t<div class=\"img has-hover x md-x lg-x y md-y lg-y\" id=\"image_119069781\">\n\t\t\t\t\t\t\t\t<div class=\"img-inner dark\" >\n\t\t\t<img decoding=\"async\" width=\"600\" height=\"450\" src=\"https:\/\/www.tiberia.sk\/wp-content\/uploads\/2020\/07\/dvojlozkova-izba-s-manzelskou-postelou-02.jpg\" class=\"attachment-large size-large\" alt=\"\" srcset=\"https:\/\/www.tiberia.sk\/wp-content\/uploads\/2020\/07\/dvojlozkova-izba-s-manzelskou-postelou-02.jpg 600w, https:\/\/www.tiberia.sk\/wp-content\/uploads\/2020\/07\/dvojlozkova-izba-s-manzelskou-postelou-02-300x225.jpg 300w\" sizes=\"(max-width: 600px) 100vw, 600px\" \/>\t\t\t\t\t\t\n\t\t\t\t\t<\/div>\n\t\t\t\t\t\t\t\t\n<style>\n#image_119069781 {\n  width: 100%;\n}\n<\/style>\n\t<\/div>\n\t\n\n\n\t\t<\/div>\n\t\t\t<\/div>\n\n\t\n\n\t<div id=\"col-1887419810\" class=\"col medium-4 large-4\"  >\n\t\t<div class=\"col-inner\"  >\n\t\t\t\n\t\t\t\n\n\t<div class=\"img has-hover x md-x lg-x y md-y lg-y\" id=\"image_779420039\">\n\t\t\t\t\t\t\t\t<div class=\"img-inner dark\" >\n\t\t\t<img decoding=\"async\" width=\"600\" height=\"450\" src=\"https:\/\/www.tiberia.sk\/wp-content\/uploads\/2020\/07\/dvojlozkova-izba-s-manzelskou-postelou-03.jpg\" class=\"attachment-large size-large\" alt=\"\" srcset=\"https:\/\/www.tiberia.sk\/wp-content\/uploads\/2020\/07\/dvojlozkova-izba-s-manzelskou-postelou-03.jpg 600w, https:\/\/www.tiberia.sk\/wp-content\/uploads\/2020\/07\/dvojlozkova-izba-s-manzelskou-postelou-03-300x225.jpg 300w\" sizes=\"(max-width: 600px) 100vw, 600px\" \/>\t\t\t\t\t\t\n\t\t\t\t\t<\/div>\n\t\t\t\t\t\t\t\t\n<style>\n#image_779420039 {\n  width: 100%;\n}\n<\/style>\n\t<\/div>\n\t\n\n\n\t\t<\/div>\n\t\t\t<\/div>\n\n\t\n\n<\/div>\n<p style=\"text-align: center;\">1 person 50 eur<br \/>2 persons 74 eur<\/p>\n<div class=\"container section-title-container\" ><h3 class=\"section-title section-title-center\"><b><\/b><span class=\"section-title-main\" >FAMILY SUITE<\/span><b><\/b><\/h3><\/div>\n\n<div class=\"row row-small row-full-width\"  id=\"row-403346747\">\n\n\n\t<div id=\"col-1253494424\" class=\"col medium-4 large-4\"  >\n\t\t<div class=\"col-inner\"  >\n\t\t\t\n\t\t\t\n\n\t<div class=\"img has-hover x md-x lg-x y md-y lg-y\" id=\"image_988888178\">\n\t\t\t\t\t\t\t\t<div class=\"img-inner dark\" >\n\t\t\t<img loading=\"lazy\" decoding=\"async\" width=\"400\" height=\"600\" src=\"https:\/\/www.tiberia.sk\/wp-content\/uploads\/2020\/08\/apartman-03-208.jpg\" class=\"attachment-large size-large\" alt=\"\" srcset=\"https:\/\/www.tiberia.sk\/wp-content\/uploads\/2020\/08\/apartman-03-208.jpg 400w, https:\/\/www.tiberia.sk\/wp-content\/uploads\/2020\/08\/apartman-03-208-200x300.jpg 200w\" sizes=\"(max-width: 400px) 100vw, 400px\" \/>\t\t\t\t\t\t\n\t\t\t\t\t<\/div>\n\t\t\t\t\t\t\t\t\n<style>\n#image_988888178 {\n  width: 100%;\n}\n<\/style>\n\t<\/div>\n\t\n\n\n\t\t<\/div>\n\t\t\t<\/div>\n\n\t\n\n\t<div id=\"col-1584399975\" class=\"col medium-4 large-4\"  >\n\t\t<div class=\"col-inner\"  >\n\t\t\t\n\t\t\t\n\n\t<div class=\"img has-hover x md-x lg-x y md-y lg-y\" id=\"image_1602525835\">\n\t\t\t\t\t\t\t\t<div class=\"img-inner dark\" >\n\t\t\t<img loading=\"lazy\" decoding=\"async\" width=\"400\" height=\"600\" src=\"https:\/\/www.tiberia.sk\/wp-content\/uploads\/2020\/08\/apartman-02-208.jpg\" class=\"attachment-large size-large\" alt=\"\" srcset=\"https:\/\/www.tiberia.sk\/wp-content\/uploads\/2020\/08\/apartman-02-208.jpg 400w, https:\/\/www.tiberia.sk\/wp-content\/uploads\/2020\/08\/apartman-02-208-200x300.jpg 200w\" sizes=\"(max-width: 400px) 100vw, 400px\" \/>\t\t\t\t\t\t\n\t\t\t\t\t<\/div>\n\t\t\t\t\t\t\t\t\n<style>\n#image_1602525835 {\n  width: 100%;\n}\n<\/style>\n\t<\/div>\n\t\n\n\n\t\t<\/div>\n\t\t\t<\/div>\n\n\t\n\n\t<div id=\"col-1126403167\" class=\"col medium-4 large-4\"  >\n\t\t<div class=\"col-inner\"  >\n\t\t\t\n\t\t\t\n\n\t<div class=\"img has-hover x md-x lg-x y md-y lg-y\" id=\"image_791220921\">\n\t\t\t\t\t\t\t\t<div class=\"img-inner dark\" >\n\t\t\t<img loading=\"lazy\" decoding=\"async\" width=\"400\" height=\"600\" src=\"https:\/\/www.tiberia.sk\/wp-content\/uploads\/2020\/08\/apartman-01-208.jpg\" class=\"attachment-large size-large\" alt=\"\" srcset=\"https:\/\/www.tiberia.sk\/wp-content\/uploads\/2020\/08\/apartman-01-208.jpg 400w, https:\/\/www.tiberia.sk\/wp-content\/uploads\/2020\/08\/apartman-01-208-200x300.jpg 200w\" sizes=\"(max-width: 400px) 100vw, 400px\" \/>\t\t\t\t\t\t\n\t\t\t\t\t<\/div>\n\t\t\t\t\t\t\t\t\n<style>\n#image_791220921 {\n  width: 100%;\n}\n<\/style>\n\t<\/div>\n\t\n\n\n\t\t<\/div>\n\t\t\t<\/div>\n\n\t\n\n<\/div>\n<p style=\"text-align: center;\">1 person 55 eur<br \/>2 persons 82 eur<br \/>3 persons 127 eur<br \/>4 persons 139 eur<\/p>\n<div class=\"container section-title-container\" ><h3 class=\"section-title section-title-center\"><b><\/b><span class=\"section-title-main\" >THREE-BED ROOM<\/span><b><\/b><\/h3><\/div>\n\n<div class=\"row row-small row-full-width\"  id=\"row-1912733744\">\n\n\n\t<div id=\"col-1016970955\" class=\"col medium-4 large-4\"  >\n\t\t<div class=\"col-inner\"  >\n\t\t\t\n\t\t\t\n\n\t<div class=\"img has-hover x md-x lg-x y md-y lg-y\" id=\"image_642501996\">\n\t\t\t\t\t\t\t\t<div class=\"img-inner dark\" >\n\t\t\t<img loading=\"lazy\" decoding=\"async\" width=\"600\" height=\"450\" src=\"https:\/\/www.tiberia.sk\/wp-content\/uploads\/2020\/07\/trojlozkova-izba-01.jpg\" class=\"attachment-large size-large\" alt=\"\" srcset=\"https:\/\/www.tiberia.sk\/wp-content\/uploads\/2020\/07\/trojlozkova-izba-01.jpg 600w, https:\/\/www.tiberia.sk\/wp-content\/uploads\/2020\/07\/trojlozkova-izba-01-300x225.jpg 300w\" sizes=\"(max-width: 600px) 100vw, 600px\" \/>\t\t\t\t\t\t\n\t\t\t\t\t<\/div>\n\t\t\t\t\t\t\t\t\n<style>\n#image_642501996 {\n  width: 100%;\n}\n<\/style>\n\t<\/div>\n\t\n\n\n\t\t<\/div>\n\t\t\t<\/div>\n\n\t\n\n\t<div id=\"col-476538789\" class=\"col medium-4 large-4\"  >\n\t\t<div class=\"col-inner\"  >\n\t\t\t\n\t\t\t\n\n\t<div class=\"img has-hover x md-x lg-x y md-y lg-y\" id=\"image_1196868144\">\n\t\t\t\t\t\t\t\t<div class=\"img-inner dark\" >\n\t\t\t<img loading=\"lazy\" decoding=\"async\" width=\"600\" height=\"450\" src=\"https:\/\/www.tiberia.sk\/wp-content\/uploads\/2020\/07\/trojlozkova-izba-02.jpg\" class=\"attachment-large size-large\" alt=\"\" srcset=\"https:\/\/www.tiberia.sk\/wp-content\/uploads\/2020\/07\/trojlozkova-izba-02.jpg 600w, https:\/\/www.tiberia.sk\/wp-content\/uploads\/2020\/07\/trojlozkova-izba-02-300x225.jpg 300w\" sizes=\"(max-width: 600px) 100vw, 600px\" \/>\t\t\t\t\t\t\n\t\t\t\t\t<\/div>\n\t\t\t\t\t\t\t\t\n<style>\n#image_1196868144 {\n  width: 100%;\n}\n<\/style>\n\t<\/div>\n\t\n\n\n\t\t<\/div>\n\t\t\t<\/div>\n\n\t\n\n\t<div id=\"col-1430820297\" class=\"col medium-4 large-4\"  >\n\t\t<div class=\"col-inner\"  >\n\t\t\t\n\t\t\t\n\n\t<div class=\"img has-hover x md-x lg-x y md-y lg-y\" id=\"image_456875732\">\n\t\t\t\t\t\t\t\t<div class=\"img-inner dark\" >\n\t\t\t<img loading=\"lazy\" decoding=\"async\" width=\"600\" height=\"450\" src=\"https:\/\/www.tiberia.sk\/wp-content\/uploads\/2020\/07\/trojlozkova-izba-03kupelna.jpg\" class=\"attachment-large size-large\" alt=\"\" srcset=\"https:\/\/www.tiberia.sk\/wp-content\/uploads\/2020\/07\/trojlozkova-izba-03kupelna.jpg 600w, https:\/\/www.tiberia.sk\/wp-content\/uploads\/2020\/07\/trojlozkova-izba-03kupelna-300x225.jpg 300w\" sizes=\"(max-width: 600px) 100vw, 600px\" \/>\t\t\t\t\t\t\n\t\t\t\t\t<\/div>\n\t\t\t\t\t\t\t\t\n<style>\n#image_456875732 {\n  width: 100%;\n}\n<\/style>\n\t<\/div>\n\t\n\n\n\t\t<\/div>\n\t\t\t<\/div>\n\n\t\n\n<\/div>\n<p style=\"text-align: center;\">1 person 55 eur<br \/>2 persons 77 eur<br \/>3 persons 119 eur<\/p>\n<div class=\"container section-title-container\" ><h3 class=\"section-title section-title-center\"><b><\/b><span class=\"section-title-main\" >ECONOMY ROOM WITH 2 SEPARATE BEDS<\/span><b><\/b><\/h3><\/div>\n\n<div class=\"row row-small row-full-width\"  id=\"row-1884441552\">\n\n\n\t<div id=\"col-90005671\" class=\"col medium-4 large-4\"  >\n\t\t<div class=\"col-inner\"  >\n\t\t\t\n\t\t\t\n\n\t<div class=\"img has-hover x md-x lg-x y md-y lg-y\" id=\"image_1049046666\">\n\t\t\t\t\t\t\t\t<div class=\"img-inner dark\" >\n\t\t\t<img loading=\"lazy\" decoding=\"async\" width=\"450\" height=\"600\" src=\"https:\/\/www.tiberia.sk\/wp-content\/uploads\/2020\/07\/economy-twin-01.jpg\" class=\"attachment-large size-large\" alt=\"\" srcset=\"https:\/\/www.tiberia.sk\/wp-content\/uploads\/2020\/07\/economy-twin-01.jpg 450w, https:\/\/www.tiberia.sk\/wp-content\/uploads\/2020\/07\/economy-twin-01-225x300.jpg 225w\" sizes=\"(max-width: 450px) 100vw, 450px\" \/>\t\t\t\t\t\t\n\t\t\t\t\t<\/div>\n\t\t\t\t\t\t\t\t\n<style>\n#image_1049046666 {\n  width: 100%;\n}\n<\/style>\n\t<\/div>\n\t\n\n\n\t\t<\/div>\n\t\t\t<\/div>\n\n\t\n\n\t<div id=\"col-999237861\" class=\"col medium-4 large-4\"  >\n\t\t<div class=\"col-inner\"  >\n\t\t\t\n\t\t\t\n\n\t<div class=\"img has-hover x md-x lg-x y md-y lg-y\" id=\"image_351122785\">\n\t\t\t\t\t\t\t\t<div class=\"img-inner dark\" >\n\t\t\t<img loading=\"lazy\" decoding=\"async\" width=\"450\" height=\"600\" src=\"https:\/\/www.tiberia.sk\/wp-content\/uploads\/2020\/07\/economy-twin-02.jpg\" class=\"attachment-large size-large\" alt=\"\" srcset=\"https:\/\/www.tiberia.sk\/wp-content\/uploads\/2020\/07\/economy-twin-02.jpg 450w, https:\/\/www.tiberia.sk\/wp-content\/uploads\/2020\/07\/economy-twin-02-225x300.jpg 225w\" sizes=\"(max-width: 450px) 100vw, 450px\" \/>\t\t\t\t\t\t\n\t\t\t\t\t<\/div>\n\t\t\t\t\t\t\t\t\n<style>\n#image_351122785 {\n  width: 100%;\n}\n<\/style>\n\t<\/div>\n\t\n\n\n\t\t<\/div>\n\t\t\t<\/div>\n\n\t\n\n\t<div id=\"col-1089528292\" class=\"col medium-4 large-4\"  >\n\t\t<div class=\"col-inner\"  >\n\t\t\t\n\t\t\t\n\n\t<div class=\"img has-hover x md-x lg-x y md-y lg-y\" id=\"image_390606819\">\n\t\t\t\t\t\t\t\t<div class=\"img-inner dark\" >\n\t\t\t<img loading=\"lazy\" decoding=\"async\" width=\"450\" height=\"600\" src=\"https:\/\/www.tiberia.sk\/wp-content\/uploads\/2020\/07\/economy-twin-03.jpg\" class=\"attachment-large size-large\" alt=\"\" srcset=\"https:\/\/www.tiberia.sk\/wp-content\/uploads\/2020\/07\/economy-twin-03.jpg 450w, https:\/\/www.tiberia.sk\/wp-content\/uploads\/2020\/07\/economy-twin-03-225x300.jpg 225w\" sizes=\"(max-width: 450px) 100vw, 450px\" \/>\t\t\t\t\t\t\n\t\t\t\t\t<\/div>\n\t\t\t\t\t\t\t\t\n<style>\n#image_390606819 {\n  width: 100%;\n}\n<\/style>\n\t<\/div>\n\t\n\n\n\t\t<\/div>\n\t\t\t<\/div>\n\n\t\n\n<\/div>\n<p style=\"text-align: center;\">1 person 49 eur<br \/>2 persons 65 eur<\/p>\n<div class=\"container section-title-container\" ><h3 class=\"section-title section-title-center\"><b><\/b><span class=\"section-title-main\" >FEES<\/span><b><\/b><\/h3><\/div>\n\n<p style=\"text-align: center;\">Extra bed: 25 eur | Fee for a child under the age of 6: free | Dog fee: 6.50 eur<\/p>\n<div class=\"container section-title-container\" ><h3 class=\"section-title section-title-center\"><b><\/b><span class=\"section-title-main\" >breakfast<\/span><b><\/b><\/h3><\/div>\n\n<div class=\"row row-small row-full-width\"  id=\"row-8976655\">\n\n\n\t<div id=\"col-428468817\" class=\"col medium-4 large-4\"  >\n\t\t<div class=\"col-inner\"  >\n\t\t\t\n\t\t\t\n\n\t<div class=\"img has-hover x md-x lg-x y md-y lg-y\" id=\"image_2097216794\">\n\t\t\t\t\t\t\t\t<div class=\"img-inner dark\" >\n\t\t\t<img loading=\"lazy\" decoding=\"async\" width=\"600\" height=\"450\" src=\"https:\/\/www.tiberia.sk\/wp-content\/uploads\/2023\/05\/ranajky-01.jpg\" class=\"attachment-large size-large\" alt=\"\" srcset=\"https:\/\/www.tiberia.sk\/wp-content\/uploads\/2023\/05\/ranajky-01.jpg 600w, https:\/\/www.tiberia.sk\/wp-content\/uploads\/2023\/05\/ranajky-01-300x225.jpg 300w\" sizes=\"(max-width: 600px) 100vw, 600px\" \/>\t\t\t\t\t\t\n\t\t\t\t\t<\/div>\n\t\t\t\t\t\t\t\t\n<style>\n#image_2097216794 {\n  width: 100%;\n}\n<\/style>\n\t<\/div>\n\t\n\n\n\t\t<\/div>\n\t\t\t<\/div>\n\n\t\n\n\t<div id=\"col-2070617166\" class=\"col medium-4 large-4\"  >\n\t\t<div class=\"col-inner\"  >\n\t\t\t\n\t\t\t\n\n\t<div class=\"img has-hover x md-x lg-x y md-y lg-y\" id=\"image_1123197173\">\n\t\t\t\t\t\t\t\t<div class=\"img-inner dark\" >\n\t\t\t<img loading=\"lazy\" decoding=\"async\" width=\"600\" height=\"450\" src=\"https:\/\/www.tiberia.sk\/wp-content\/uploads\/2023\/05\/ranajky-02.jpg\" class=\"attachment-large size-large\" alt=\"\" srcset=\"https:\/\/www.tiberia.sk\/wp-content\/uploads\/2023\/05\/ranajky-02.jpg 600w, https:\/\/www.tiberia.sk\/wp-content\/uploads\/2023\/05\/ranajky-02-300x225.jpg 300w\" sizes=\"(max-width: 600px) 100vw, 600px\" \/>\t\t\t\t\t\t\n\t\t\t\t\t<\/div>\n\t\t\t\t\t\t\t\t\n<style>\n#image_1123197173 {\n  width: 100%;\n}\n<\/style>\n\t<\/div>\n\t\n\n\n\t\t<\/div>\n\t\t\t<\/div>\n\n\t\n\n\t<div id=\"col-2103346068\" class=\"col medium-4 large-4\"  >\n\t\t<div class=\"col-inner\"  >\n\t\t\t\n\t\t\t\n\n\t<div class=\"img has-hover x md-x lg-x y md-y lg-y\" id=\"image_21334860\">\n\t\t\t\t\t\t\t\t<div class=\"img-inner dark\" >\n\t\t\t<img loading=\"lazy\" decoding=\"async\" width=\"600\" height=\"450\" src=\"https:\/\/www.tiberia.sk\/wp-content\/uploads\/2023\/05\/ranajky-03.jpg\" class=\"attachment-large size-large\" alt=\"\" srcset=\"https:\/\/www.tiberia.sk\/wp-content\/uploads\/2023\/05\/ranajky-03.jpg 600w, https:\/\/www.tiberia.sk\/wp-content\/uploads\/2023\/05\/ranajky-03-300x225.jpg 300w\" sizes=\"(max-width: 600px) 100vw, 600px\" \/>\t\t\t\t\t\t\n\t\t\t\t\t<\/div>\n\t\t\t\t\t\t\t\t\n<style>\n#image_21334860 {\n  width: 100%;\n}\n<\/style>\n\t<\/div>\n\t\n\n\n\t\t<\/div>\n\t\t\t<\/div>\n\n\t\n\n<\/div>\n\n\t\t<\/div>\n\n\t\t\n<style>\n#section_2090610953 {\n  padding-top: 0px;\n  padding-bottom: 0px;\n}\n<\/style>\n\t<\/section>\n\t\n\n","protected":false},"excerpt":{"rendered":"","protected":false},"author":1,"featured_media":0,"parent":0,"menu_order":0,"comment_status":"closed","ping_status":"closed","template":"","meta":{"_monsterinsights_skip_tracking":false,"_monsterinsights_sitenote_active":false,"_monsterinsights_sitenote_note":"","_monsterinsights_sitenote_category":0,"footnotes":""},"class_list":["post-223","page","type-page","status-publish","hentry"],"yoast_head":"<!-- This site is optimized with the Yoast SEO plugin v26.3 - https:\/\/yoast.com\/wordpress\/plugins\/seo\/ -->\n<title>Izby - Tiberia.sk<\/title>\n<meta name=\"robots\" content=\"index, follow, max-snippet:-1, max-image-preview:large, max-video-preview:-1\" \/>\n<link rel=\"canonical\" href=\"https:\/\/www.tiberia.sk\/en\/izby\/\" \/>\n<meta property=\"og:locale\" content=\"en_US\" \/>\n<meta property=\"og:type\" content=\"article\" \/>\n<meta property=\"og:title\" content=\"Izby - Tiberia.sk\" \/>\n<meta property=\"og:url\" content=\"https:\/\/www.tiberia.sk\/en\/izby\/\" \/>\n<meta property=\"og:site_name\" content=\"Tiberia.sk\" \/>\n<meta property=\"article:modified_time\" content=\"2025-01-02T10:12:23+00:00\" \/>\n<meta name=\"twitter:card\" content=\"summary_large_image\" \/>\n<meta name=\"twitter:label1\" content=\"Est. reading time\" \/>\n\t<meta name=\"twitter:data1\" content=\"2 minutes\" \/>\n<script type=\"application\/ld+json\" class=\"yoast-schema-graph\">{\"@context\":\"https:\/\/schema.org\",\"@graph\":[{\"@type\":\"WebPage\",\"@id\":\"https:\/\/www.tiberia.sk\/en\/izby\/\",\"url\":\"https:\/\/www.tiberia.sk\/en\/izby\/\",\"name\":\"Izby - Tiberia.sk\",\"isPartOf\":{\"@id\":\"https:\/\/www.tiberia.sk\/#website\"},\"datePublished\":\"2020-06-09T12:51:33+00:00\",\"dateModified\":\"2025-01-02T10:12:23+00:00\",\"breadcrumb\":{\"@id\":\"https:\/\/www.tiberia.sk\/en\/izby\/#breadcrumb\"},\"inLanguage\":\"en-US\",\"potentialAction\":[{\"@type\":\"ReadAction\",\"target\":[\"https:\/\/www.tiberia.sk\/en\/izby\/\"]}]},{\"@type\":\"BreadcrumbList\",\"@id\":\"https:\/\/www.tiberia.sk\/en\/izby\/#breadcrumb\",\"itemListElement\":[{\"@type\":\"ListItem\",\"position\":1,\"name\":\"Home\",\"item\":\"https:\/\/www.tiberia.sk\/?lang=en\"},{\"@type\":\"ListItem\",\"position\":2,\"name\":\"Izby\"}]},{\"@type\":\"WebSite\",\"@id\":\"https:\/\/www.tiberia.sk\/#website\",\"url\":\"https:\/\/www.tiberia.sk\/\",\"name\":\"Tiberia.sk\",\"description\":\"21 rokov \u00faspe\u0161ne poskytujeme ubytovanie v Tren\u010d\u00edne\",\"potentialAction\":[{\"@type\":\"SearchAction\",\"target\":{\"@type\":\"EntryPoint\",\"urlTemplate\":\"https:\/\/www.tiberia.sk\/?s={search_term_string}\"},\"query-input\":{\"@type\":\"PropertyValueSpecification\",\"valueRequired\":true,\"valueName\":\"search_term_string\"}}],\"inLanguage\":\"en-US\"}]}<\/script>\n<!-- \/ Yoast SEO plugin. -->","yoast_head_json":{"title":"Izby - Tiberia.sk","robots":{"index":"index","follow":"follow","max-snippet":"max-snippet:-1","max-image-preview":"max-image-preview:large","max-video-preview":"max-video-preview:-1"},"canonical":"https:\/\/www.tiberia.sk\/en\/izby\/","og_locale":"en_US","og_type":"article","og_title":"Izby - Tiberia.sk","og_url":"https:\/\/www.tiberia.sk\/en\/izby\/","og_site_name":"Tiberia.sk","article_modified_time":"2025-01-02T10:12:23+00:00","twitter_card":"summary_large_image","twitter_misc":{"Est. reading time":"2 minutes"},"schema":{"@context":"https:\/\/schema.org","@graph":[{"@type":"WebPage","@id":"https:\/\/www.tiberia.sk\/en\/izby\/","url":"https:\/\/www.tiberia.sk\/en\/izby\/","name":"Izby - Tiberia.sk","isPartOf":{"@id":"https:\/\/www.tiberia.sk\/#website"},"datePublished":"2020-06-09T12:51:33+00:00","dateModified":"2025-01-02T10:12:23+00:00","breadcrumb":{"@id":"https:\/\/www.tiberia.sk\/en\/izby\/#breadcrumb"},"inLanguage":"en-US","potentialAction":[{"@type":"ReadAction","target":["https:\/\/www.tiberia.sk\/en\/izby\/"]}]},{"@type":"BreadcrumbList","@id":"https:\/\/www.tiberia.sk\/en\/izby\/#breadcrumb","itemListElement":[{"@type":"ListItem","position":1,"name":"Home","item":"https:\/\/www.tiberia.sk\/?lang=en"},{"@type":"ListItem","position":2,"name":"Izby"}]},{"@type":"WebSite","@id":"https:\/\/www.tiberia.sk\/#website","url":"https:\/\/www.tiberia.sk\/","name":"Tiberia.sk","description":"21 rokov \u00faspe\u0161ne poskytujeme ubytovanie v Tren\u010d\u00edne","potentialAction":[{"@type":"SearchAction","target":{"@type":"EntryPoint","urlTemplate":"https:\/\/www.tiberia.sk\/?s={search_term_string}"},"query-input":{"@type":"PropertyValueSpecification","valueRequired":true,"valueName":"search_term_string"}}],"inLanguage":"en-US"}]}},"_links":{"self":[{"href":"https:\/\/www.tiberia.sk\/en\/wp-json\/wp\/v2\/pages\/223","targetHints":{"allow":["GET"]}}],"collection":[{"href":"https:\/\/www.tiberia.sk\/en\/wp-json\/wp\/v2\/pages"}],"about":[{"href":"https:\/\/www.tiberia.sk\/en\/wp-json\/wp\/v2\/types\/page"}],"author":[{"embeddable":true,"href":"https:\/\/www.tiberia.sk\/en\/wp-json\/wp\/v2\/users\/1"}],"replies":[{"embeddable":true,"href":"https:\/\/www.tiberia.sk\/en\/wp-json\/wp\/v2\/comments?post=223"}],"version-history":[{"count":49,"href":"https:\/\/www.tiberia.sk\/en\/wp-json\/wp\/v2\/pages\/223\/revisions"}],"predecessor-version":[{"id":852,"href":"https:\/\/www.tiberia.sk\/en\/wp-json\/wp\/v2\/pages\/223\/revisions\/852"}],"wp:attachment":[{"href":"https:\/\/www.tiberia.sk\/en\/wp-json\/wp\/v2\/media?parent=223"}],"curies":[{"name":"wp","href":"https:\/\/api.w.org\/{rel}","templated":true}]}}