{"id":221,"date":"2020-06-09T14:53:05","date_gmt":"2020-06-09T12:53:05","guid":{"rendered":"https:\/\/www.tiberia.sk\/o-penzione\/"},"modified":"2023-11-16T21:35:53","modified_gmt":"2023-11-16T20:35:53","slug":"o-penzione","status":"publish","type":"page","link":"https:\/\/www.tiberia.sk\/en\/o-penzione\/","title":{"rendered":"O penzi\u00f3ne"},"content":{"rendered":"\n\t<section class=\"section dark\" id=\"section_1954329901\">\n\t\t<div class=\"bg section-bg fill bg-fill  \" >\n\n\t\t\t\n\t\t\t<div class=\"section-bg-overlay absolute fill\"><\/div>\n\t\t\t\n\n\t\t<\/div>\n\n\t\t<div class=\"section-content relative\">\n\t\t\t\n\n<div class=\"row\"  id=\"row-267271295\">\n\n\n\t<div id=\"col-1451004802\" class=\"col small-12 large-12\"  >\n\t\t<div class=\"col-inner text-center\"  >\n\t\t\t\n\t\t\t\n\n\n\t\t<\/div>\n\t\t\n<style>\n#col-1451004802 > .col-inner {\n  padding: 20px 0px 0px 0px;\n}\n<\/style>\n\t<\/div>\n\n\t\n\n<\/div>\n\n\t\t<\/div>\n\n\t\t\n<style>\n#section_1954329901 {\n  padding-top: 140px;\n  padding-bottom: 140px;\n  background-color: rgb(40, 40, 40);\n}\n#section_1954329901 .section-bg-overlay {\n  background-color: rgba(0, 0, 0, 0.3);\n}\n#section_1954329901 .section-bg.bg-loaded {\n  background-image: url(https:\/\/www.tiberia.sk\/wp-content\/uploads\/2020\/06\/baner-restauracia.jpg);\n}\n#section_1954329901 .section-bg {\n  background-position: 52% 49%;\n}\n<\/style>\n\t<\/section>\n\t\n\t<section class=\"section\" id=\"section_2050246904\">\n\t\t<div class=\"bg section-bg fill bg-fill  bg-loaded\" >\n\n\t\t\t\n\t\t\t\n\t\t\t\n\n\t\t<\/div>\n\n\t\t<div class=\"section-content relative\">\n\t\t\t\n\n<div class=\"row\"  id=\"row-840289313\">\n\n\n\t<div id=\"col-1104087924\" class=\"col small-12 large-12\"  >\n\t\t<div class=\"col-inner\"  >\n\t\t\t\n\t\t\t\n\n<div class=\"row align-equal\"  id=\"row-585491001\">\n\n\n\t<div id=\"col-1649903824\" class=\"col small-12 large-12\"  >\n\t\t<div class=\"col-inner text-center\" style=\"background-color:rgb(255,255,255);\" >\n\t\t\t\n\t\t\t\n\n<h3>ABOUT US<\/h3>\n<div class=\"is-divider divider clearfix\" ><\/div>\n\n<h3>Penzi\u00f3n Tiberia is a traditional family boarding house<\/h3>\n<p>\u25fe25 years providing quality services<\/p>\n<p>\u25feWe are located near the city center but in a quiet part<\/p>\n<p>\u25feWe provide a tasty breakfast at a fair price<\/p>\n<p>\u25feWe are easily accesible by own and public transportation<\/p>\n<p>\u25feWe offer accommodation in double and triple rooms and suites<\/p>\n<p>\u25feEach room has its own bathroom and toilet<\/p>\n<p>\u25feRooms are equipped with a TV, satellite receiver, fridge and electric kettle<\/p>\n<p>\u25feMineral water, coffee and tea in the room are included in the price<\/p>\n<p>\u25feRooms are air conditioned<\/p>\n<div class=\"is-divider divider clearfix\" ><\/div>\n\n<h3>We have a good location in the town<\/h3>\n<p>\u25feBus and Railway Station: 500 m<\/p>\n<p>\u25feOld City center: 1 km<\/p>\n<p>\u25feTrencin Castle: 1,3 km<\/p>\n<p>\u25feSummer indoor and outdoor swimming pool: 1,9 km<\/p>\n<p>\u25feSummer natural beach on Trencin Island: 1,9 km<\/p>\n<p>\u25feThe Exhibition area: 1.1 km<\/p>\n<p>\u25feHudy Racing Arena: 900 m<\/p>\n<p>\u25feShopping center, restaurants and fastfoods: 250 m<\/p>\n<p>\u25feHairdresser, solarium, cinema: 250 m<\/p>\n<p>\u25feForest Park with biking and hiking trails and sports attractions: 400 m<\/p>\n<p>\u25feNearest bus stop: 200 m<\/p>\n<div class=\"is-divider divider clearfix\" ><\/div>\n\n<h3>Tourists, sportsmen, bikers<\/h3>\n<p>Our region provides many sports activities, hiking trails, bike paths and beautiful trails for motobikers.<br \/>We have a covered and lockable space for your bicycles.<br \/>Our house is &#8220;Bikers welcome&#8221;<\/p>\n<h3>Families with children<\/h3>\n<p>We are suitable accommodation for families with children of all ages. We will lend a cot to your room and a high chair in the dining room. Our yard is closed and safe, children can play there and you can relax peacefully.<\/p>\n<h3>Business clients<\/h3>\n<p>Our services are used daily by business guests. We are long-term partners of many domestic and foreign companies. We can provide basic administrative service for our business guests.<\/p>\n<div class=\"is-divider divider clearfix\" style=\"max-width:100px;\"><\/div>\n\n<p>We look forward to your visit!<\/p>\n\n\t\t<\/div>\n\t\t\t<\/div>\n\n\t\n\n\n<style>\n#row-585491001 > .col > .col-inner {\n  padding: 40px 40px 40px 40px;\n  background-color: rgb(255,255,255);\n}\n<\/style>\n<\/div>\n\n\t\t<\/div>\n\t\t\n<style>\n#col-1104087924 > .col-inner {\n  margin: -100px 0px 0px 0px;\n}\n<\/style>\n\t<\/div>\n\n\t\n\n<\/div>\n<div class=\"row\"  id=\"row-653486760\">\n\n\n\t<div id=\"col-1054912182\" class=\"col small-12 large-12\"  >\n\t\t<div class=\"col-inner text-center\"  >\n\t\t\t\n\t\t\t\n\n<h4>Satisfied visitors rate us 9.4 <a href=\"https:\/\/www.booking.com\/hotel\/sk\/penzia3n-tiberia.sk.html\">Booking.com<\/a>.<\/h4>\n\n\t\t<\/div>\n\t\t\t<\/div>\n\n\t\n\n<\/div>\n\n\t\t<\/div>\n\n\t\t\n<style>\n#section_2050246904 {\n  padding-top: 30px;\n  padding-bottom: 30px;\n  background-color: rgb(244, 244, 244);\n}\n<\/style>\n\t<\/section>\n\t\n\n","protected":false},"excerpt":{"rendered":"","protected":false},"author":1,"featured_media":0,"parent":0,"menu_order":0,"comment_status":"closed","ping_status":"closed","template":"","meta":{"_monsterinsights_skip_tracking":false,"_monsterinsights_sitenote_active":false,"_monsterinsights_sitenote_note":"","_monsterinsights_sitenote_category":0,"footnotes":""},"class_list":["post-221","page","type-page","status-publish","hentry"],"yoast_head":"<!-- This site is optimized with the Yoast SEO plugin v26.3 - https:\/\/yoast.com\/wordpress\/plugins\/seo\/ -->\n<title>O penzi\u00f3ne - Tiberia.sk<\/title>\n<meta name=\"robots\" content=\"index, follow, max-snippet:-1, max-image-preview:large, max-video-preview:-1\" \/>\n<link rel=\"canonical\" href=\"https:\/\/www.tiberia.sk\/en\/o-penzione\/\" \/>\n<meta property=\"og:locale\" content=\"en_US\" \/>\n<meta property=\"og:type\" content=\"article\" \/>\n<meta property=\"og:title\" content=\"O penzi\u00f3ne - Tiberia.sk\" \/>\n<meta property=\"og:url\" content=\"https:\/\/www.tiberia.sk\/en\/o-penzione\/\" \/>\n<meta property=\"og:site_name\" content=\"Tiberia.sk\" \/>\n<meta property=\"article:modified_time\" content=\"2023-11-16T20:35:53+00:00\" \/>\n<meta name=\"twitter:card\" content=\"summary_large_image\" \/>\n<meta name=\"twitter:label1\" content=\"Est. reading time\" \/>\n\t<meta name=\"twitter:data1\" content=\"2 minutes\" \/>\n<script type=\"application\/ld+json\" class=\"yoast-schema-graph\">{\"@context\":\"https:\/\/schema.org\",\"@graph\":[{\"@type\":\"WebPage\",\"@id\":\"https:\/\/www.tiberia.sk\/en\/o-penzione\/\",\"url\":\"https:\/\/www.tiberia.sk\/en\/o-penzione\/\",\"name\":\"O penzi\u00f3ne - Tiberia.sk\",\"isPartOf\":{\"@id\":\"https:\/\/www.tiberia.sk\/#website\"},\"datePublished\":\"2020-06-09T12:53:05+00:00\",\"dateModified\":\"2023-11-16T20:35:53+00:00\",\"breadcrumb\":{\"@id\":\"https:\/\/www.tiberia.sk\/en\/o-penzione\/#breadcrumb\"},\"inLanguage\":\"en-US\",\"potentialAction\":[{\"@type\":\"ReadAction\",\"target\":[\"https:\/\/www.tiberia.sk\/en\/o-penzione\/\"]}]},{\"@type\":\"BreadcrumbList\",\"@id\":\"https:\/\/www.tiberia.sk\/en\/o-penzione\/#breadcrumb\",\"itemListElement\":[{\"@type\":\"ListItem\",\"position\":1,\"name\":\"Home\",\"item\":\"https:\/\/www.tiberia.sk\/?lang=en\"},{\"@type\":\"ListItem\",\"position\":2,\"name\":\"O penzi\u00f3ne\"}]},{\"@type\":\"WebSite\",\"@id\":\"https:\/\/www.tiberia.sk\/#website\",\"url\":\"https:\/\/www.tiberia.sk\/\",\"name\":\"Tiberia.sk\",\"description\":\"21 rokov \u00faspe\u0161ne poskytujeme ubytovanie v Tren\u010d\u00edne\",\"potentialAction\":[{\"@type\":\"SearchAction\",\"target\":{\"@type\":\"EntryPoint\",\"urlTemplate\":\"https:\/\/www.tiberia.sk\/?s={search_term_string}\"},\"query-input\":{\"@type\":\"PropertyValueSpecification\",\"valueRequired\":true,\"valueName\":\"search_term_string\"}}],\"inLanguage\":\"en-US\"}]}<\/script>\n<!-- \/ Yoast SEO plugin. -->","yoast_head_json":{"title":"O penzi\u00f3ne - Tiberia.sk","robots":{"index":"index","follow":"follow","max-snippet":"max-snippet:-1","max-image-preview":"max-image-preview:large","max-video-preview":"max-video-preview:-1"},"canonical":"https:\/\/www.tiberia.sk\/en\/o-penzione\/","og_locale":"en_US","og_type":"article","og_title":"O penzi\u00f3ne - Tiberia.sk","og_url":"https:\/\/www.tiberia.sk\/en\/o-penzione\/","og_site_name":"Tiberia.sk","article_modified_time":"2023-11-16T20:35:53+00:00","twitter_card":"summary_large_image","twitter_misc":{"Est. reading time":"2 minutes"},"schema":{"@context":"https:\/\/schema.org","@graph":[{"@type":"WebPage","@id":"https:\/\/www.tiberia.sk\/en\/o-penzione\/","url":"https:\/\/www.tiberia.sk\/en\/o-penzione\/","name":"O penzi\u00f3ne - Tiberia.sk","isPartOf":{"@id":"https:\/\/www.tiberia.sk\/#website"},"datePublished":"2020-06-09T12:53:05+00:00","dateModified":"2023-11-16T20:35:53+00:00","breadcrumb":{"@id":"https:\/\/www.tiberia.sk\/en\/o-penzione\/#breadcrumb"},"inLanguage":"en-US","potentialAction":[{"@type":"ReadAction","target":["https:\/\/www.tiberia.sk\/en\/o-penzione\/"]}]},{"@type":"BreadcrumbList","@id":"https:\/\/www.tiberia.sk\/en\/o-penzione\/#breadcrumb","itemListElement":[{"@type":"ListItem","position":1,"name":"Home","item":"https:\/\/www.tiberia.sk\/?lang=en"},{"@type":"ListItem","position":2,"name":"O penzi\u00f3ne"}]},{"@type":"WebSite","@id":"https:\/\/www.tiberia.sk\/#website","url":"https:\/\/www.tiberia.sk\/","name":"Tiberia.sk","description":"21 rokov \u00faspe\u0161ne poskytujeme ubytovanie v Tren\u010d\u00edne","potentialAction":[{"@type":"SearchAction","target":{"@type":"EntryPoint","urlTemplate":"https:\/\/www.tiberia.sk\/?s={search_term_string}"},"query-input":{"@type":"PropertyValueSpecification","valueRequired":true,"valueName":"search_term_string"}}],"inLanguage":"en-US"}]}},"_links":{"self":[{"href":"https:\/\/www.tiberia.sk\/en\/wp-json\/wp\/v2\/pages\/221","targetHints":{"allow":["GET"]}}],"collection":[{"href":"https:\/\/www.tiberia.sk\/en\/wp-json\/wp\/v2\/pages"}],"about":[{"href":"https:\/\/www.tiberia.sk\/en\/wp-json\/wp\/v2\/types\/page"}],"author":[{"embeddable":true,"href":"https:\/\/www.tiberia.sk\/en\/wp-json\/wp\/v2\/users\/1"}],"replies":[{"embeddable":true,"href":"https:\/\/www.tiberia.sk\/en\/wp-json\/wp\/v2\/comments?post=221"}],"version-history":[{"count":10,"href":"https:\/\/www.tiberia.sk\/en\/wp-json\/wp\/v2\/pages\/221\/revisions"}],"predecessor-version":[{"id":831,"href":"https:\/\/www.tiberia.sk\/en\/wp-json\/wp\/v2\/pages\/221\/revisions\/831"}],"wp:attachment":[{"href":"https:\/\/www.tiberia.sk\/en\/wp-json\/wp\/v2\/media?parent=221"}],"curies":[{"name":"wp","href":"https:\/\/api.w.org\/{rel}","templated":true}]}}